{"id":1495,"date":"2025-09-24T14:27:49","date_gmt":"2025-09-24T07:27:49","guid":{"rendered":"https:\/\/hasabiofoods.com.vn\/?post_type=product&#038;p=1495"},"modified":"2025-11-27T08:32:50","modified_gmt":"2025-11-27T01:32:50","slug":"gao-trang-huu-co-st25","status":"publish","type":"product","link":"https:\/\/hasabiofoodscomvn985.mbws.vn\/en\/san-pham\/gao-trang-huu-co-st25\/","title":{"rendered":"G\u1ea1o Tr\u1eafng H\u1eefu C\u01a1 ST25 T\u00fai 1 kg"},"content":{"rendered":"<p><strong>\u0110\u1eb6C T\u00cdNH S\u1ea2N PH\u1ea8M:<\/strong><\/p>\n<p>G\u1ea1o tr\u1eafng ST25 h\u1eefu c\u01a1 Hasa Bio Foods canh t\u00e1c t\u1ea1i v\u00f9ng h\u1ea1 l\u01b0u s\u00f4ng C\u1ed5 chi\u00ean, n\u01a1i giao h\u00f2a gi\u1eefa v\u00f9ng n\u01b0\u1edbc ng\u1ecdt s\u00f4ng Mekong v\u00e0 n\u01b0\u1edbc m\u1eb7n c\u1ee7a Bi\u1ec3n \u0110\u00f4ng. V\u1edbi \u0111i\u1ec1u ki\u1ec7n t\u1ef1 nhi\u00ean n\u00e0y \u0111\u00e3 t\u1ea1o n\u00ean h\u01b0\u01a1ng th\u01a1m v\u00e0 v\u1ecb ng\u1ecdt g\u1ea1o \u0111\u1eadm \u0111\u00e0, gi\u00e0u kho\u00e1ng ch\u1ea5t. K\u1ebft h\u1ee3p v\u1edbi tr\u00ecnh canh t\u00e1c \u0111\u1ebfn ch\u1ebf bi\u1ebfn th\u00e0nh ph\u1ea9m \u0111\u1ec1u \u0111\u1ea1t chu\u1ea9n EU v\u00e0 USDA Organic, \u0111\u01b0\u1ee3c ch\u1ee9ng nh\u1eadn b\u1edfi t\u1ed5 ch\u1ee9c ch\u1ee9ng nh\u1eadn Qu\u1ed1c t\u1ebf Mayacert.<\/p>\n<p>Gi\u1ed1ng l\u00faa ST25 \u0111\u00e3 cho ra g\u1ea1o ngon nh\u1ea5t th\u1ebf gi\u1edbi, k\u1ebft h\u1ee3p v\u1edbi \u0111i\u1ec1u ki\u1ec7n v\u00f9ng nguy\u00ean li\u1ec7u \u0111\u1eb7c th\u00f9, c\u00f4ng th\u00eam quy tr\u00ecnh canh t\u00e1c chu\u1ea9n h\u1eefu c\u01a1 qu\u1ed1c t\u1ebf \u0111\u00e3 cho ch\u1ea5t l\u01b0\u1ee3ng g\u1ea1o ngon ho\u00e0n h\u1ea3o.<\/p>\n<p><strong>S\u1eec D\u1ee4NG:<\/strong> D\u00f9ng \u0103n h\u00e0ng ng\u00e0y, ho\u1eb7c c\u00f3 th\u1ec3 d\u00f9ng cho b\u00e9 \u0103n d\u1eb7m \u1edf c\u00e1c l\u1ee9a tu\u1ed5i.<\/p>\n<p>&nbsp;<\/p>\n","protected":false},"excerpt":{"rendered":"<p><strong>CH\u1ea4T L\u01af\u1ee2NG:<\/strong><\/p>\n<ul>\n<li>100% Organic theo ti\u00eau chu\u1ea9n EU &amp; USDA<\/li>\n<li>Kh\u00f4ng ch\u1ea5t ph\u1ee5 gia<\/li>\n<li>Gluten free<\/li>\n<li>Vegan<\/li>\n<li>Non-GMO<\/li>\n<\/ul>\n","protected":false},"featured_media":1740,"comment_status":"open","ping_status":"closed","template":"","meta":[],"product_brand":[],"product_cat":[16],"product_tag":[],"class_list":{"0":"post-1495","1":"product","2":"type-product","3":"status-publish","4":"has-post-thumbnail","6":"product_cat-chua-phan-loai","8":"first","9":"instock","10":"shipping-taxable","11":"purchasable","12":"product-type-simple"},"_links":{"self":[{"href":"https:\/\/hasabiofoodscomvn985.mbws.vn\/en\/wp-json\/wp\/v2\/product\/1495","targetHints":{"allow":["GET"]}}],"collection":[{"href":"https:\/\/hasabiofoodscomvn985.mbws.vn\/en\/wp-json\/wp\/v2\/product"}],"about":[{"href":"https:\/\/hasabiofoodscomvn985.mbws.vn\/en\/wp-json\/wp\/v2\/types\/product"}],"replies":[{"embeddable":true,"href":"https:\/\/hasabiofoodscomvn985.mbws.vn\/en\/wp-json\/wp\/v2\/comments?post=1495"}],"wp:featuredmedia":[{"embeddable":true,"href":"https:\/\/hasabiofoodscomvn985.mbws.vn\/en\/wp-json\/wp\/v2\/media\/1740"}],"wp:attachment":[{"href":"https:\/\/hasabiofoodscomvn985.mbws.vn\/en\/wp-json\/wp\/v2\/media?parent=1495"}],"wp:term":[{"taxonomy":"product_brand","embeddable":true,"href":"https:\/\/hasabiofoodscomvn985.mbws.vn\/en\/wp-json\/wp\/v2\/product_brand?post=1495"},{"taxonomy":"product_cat","embeddable":true,"href":"https:\/\/hasabiofoodscomvn985.mbws.vn\/en\/wp-json\/wp\/v2\/product_cat?post=1495"},{"taxonomy":"product_tag","embeddable":true,"href":"https:\/\/hasabiofoodscomvn985.mbws.vn\/en\/wp-json\/wp\/v2\/product_tag?post=1495"}],"curies":[{"name":"wp","href":"https:\/\/api.w.org\/{rel}","templated":true}]}}