{"id":1511,"date":"2025-09-24T14:53:01","date_gmt":"2025-09-24T07:53:01","guid":{"rendered":"https:\/\/hasabiofoods.com.vn\/?post_type=product&#038;p=1511"},"modified":"2025-11-13T09:32:28","modified_gmt":"2025-11-13T02:32:28","slug":"gao-trang-japonica-huu-co-an-dam-cho-be-tui-200-kg","status":"publish","type":"product","link":"https:\/\/hasabiofoodscomvn985.mbws.vn\/en\/san-pham\/gao-trang-japonica-huu-co-an-dam-cho-be-tui-200-kg\/","title":{"rendered":"G\u1ea1o Tr\u1eafng Japonica H\u1eefu C\u01a1 \u0102n D\u1eb7m Cho B\u00e9 T\u00fai 200 Kg"},"content":{"rendered":"<p><strong>\u0110\u1eb6C T\u00cdNH S\u1ea2N PH\u1ea8M:<\/strong><\/p>\n<p>G\u1ea1o h\u1eefu c\u01a1 JAPINICA H\u1eeeU C\u01a0 Hasa Bio Foods canh t\u00e1c t\u1ea1i v\u00f9ng h\u1ea1 l\u01b0u s\u00f4ng C\u1ed5 chi\u00ean, n\u01a1i giao h\u00f2a gi\u1eefa v\u00f9ng n\u01b0\u1edbc ng\u1ecdt s\u00f4ng Mekong v\u00e0 n\u01b0\u1edbc m\u1eb7n c\u1ee7a Bi\u1ec3n \u0110\u00f4ng. V\u1edbi \u0111i\u1ec1u ki\u1ec7n t\u1ef1 nhi\u00ean n\u00e0y \u0111\u00e3 t\u1ea1o n\u00ean h\u01b0\u01a1ng th\u01a1m v\u00e0 v\u1ecb ng\u1ecdt g\u1ea1o \u0111\u1eadm \u0111\u00e0, gi\u00e0u kho\u00e1ng ch\u1ea5t. K\u1ebft h\u1ee3p v\u1edbi tr\u00ecnh canh t\u00e1c \u0111\u1ebfn ch\u1ebf bi\u1ebfn th\u00e0nh ph\u1ea9m \u0111\u1ec1u \u0111\u1ea1t chu\u1ea9n EU v\u00e0 USDA Organic, \u0111\u01b0\u1ee3c ch\u1ee9ng nh\u1eadn b\u1edfi t\u1ed5 ch\u1ee9c ch\u1ee9ng nh\u1eadn Qu\u1ed1c t\u1ebf Mayacert.<\/p>\n<p>G\u1ea1o th\u01a1m, d\u1ebbo, m\u1ec1m c\u01a1m nh\u01b0ng kh\u00f4ng d\u00ednh r\u1ea5t ph\u00f9 h\u1ee3p cho b\u00e9 \u0103n d\u1eb7m.<\/p>\n<p><strong>S\u1eec D\u1ee4NG:<\/strong> N\u1ea5u cho b\u00e9 \u0103n d\u1eb7m \u1edf nhi\u1ec1u \u0111\u1ed9 tu\u1ed5i kh\u00e1c nhau; C\u00f3 th\u1ec3 ch\u1ebf bi\u1ebfn m\u00f3n c\u01a1m cu\u1ed9n sushi d\u00f9ng cho c\u1ea3 ng\u01b0\u1eddi l\u1edbn v\u00e0 tr\u1ebb em.<\/p>\n<p>&nbsp;<\/p>\n<p>&nbsp;<\/p>\n","protected":false},"excerpt":{"rendered":"<p><strong>CH\u1ea4T L\u01af\u1ee2NG:<\/strong><\/p>\n<ul>\n<li>100% Organic theo ti\u00eau chu\u1ea9n EU &amp; USDA<\/li>\n<li>Kh\u00f4ng ch\u1ea5t ph\u1ee5 gia<\/li>\n<li>Gluten free<\/li>\n<li>Vegan<\/li>\n<li>Non-GMO<\/li>\n<\/ul>\n","protected":false},"featured_media":1498,"comment_status":"open","ping_status":"closed","template":"","meta":[],"product_brand":[],"product_cat":[16],"product_tag":[],"class_list":{"0":"post-1511","1":"product","2":"type-product","3":"status-publish","4":"has-post-thumbnail","6":"product_cat-chua-phan-loai","8":"first","9":"instock","10":"shipping-taxable","11":"purchasable","12":"product-type-simple"},"_links":{"self":[{"href":"https:\/\/hasabiofoodscomvn985.mbws.vn\/en\/wp-json\/wp\/v2\/product\/1511","targetHints":{"allow":["GET"]}}],"collection":[{"href":"https:\/\/hasabiofoodscomvn985.mbws.vn\/en\/wp-json\/wp\/v2\/product"}],"about":[{"href":"https:\/\/hasabiofoodscomvn985.mbws.vn\/en\/wp-json\/wp\/v2\/types\/product"}],"replies":[{"embeddable":true,"href":"https:\/\/hasabiofoodscomvn985.mbws.vn\/en\/wp-json\/wp\/v2\/comments?post=1511"}],"wp:featuredmedia":[{"embeddable":true,"href":"https:\/\/hasabiofoodscomvn985.mbws.vn\/en\/wp-json\/wp\/v2\/media\/1498"}],"wp:attachment":[{"href":"https:\/\/hasabiofoodscomvn985.mbws.vn\/en\/wp-json\/wp\/v2\/media?parent=1511"}],"wp:term":[{"taxonomy":"product_brand","embeddable":true,"href":"https:\/\/hasabiofoodscomvn985.mbws.vn\/en\/wp-json\/wp\/v2\/product_brand?post=1511"},{"taxonomy":"product_cat","embeddable":true,"href":"https:\/\/hasabiofoodscomvn985.mbws.vn\/en\/wp-json\/wp\/v2\/product_cat?post=1511"},{"taxonomy":"product_tag","embeddable":true,"href":"https:\/\/hasabiofoodscomvn985.mbws.vn\/en\/wp-json\/wp\/v2\/product_tag?post=1511"}],"curies":[{"name":"wp","href":"https:\/\/api.w.org\/{rel}","templated":true}]}}