{"id":1520,"date":"2025-09-24T14:59:56","date_gmt":"2025-09-24T07:59:56","guid":{"rendered":"https:\/\/hasabiofoods.com.vn\/?post_type=product&#038;p=1520"},"modified":"2025-11-27T08:29:26","modified_gmt":"2025-11-27T01:29:26","slug":"bun-tuoi-gao-lut-huu-co-say-kho","status":"publish","type":"product","link":"https:\/\/hasabiofoodscomvn985.mbws.vn\/en\/san-pham\/bun-tuoi-gao-lut-huu-co-say-kho\/","title":{"rendered":"B\u00fan T\u01b0\u01a1i G\u1ea1o L\u1ee9t H\u1eefu C\u01a1 S\u1ea5y Kh\u00f4 T\u00fai 250 g"},"content":{"rendered":"<p><strong>\u0110\u1eb6C T\u00cdNH S\u1ea2N PH\u1ea8M: <\/strong><\/p>\n<p>B\u00fan \u0111\u01b0\u1ee3c l\u00e0m t\u1eeb 100% g\u1ea1o H\u1eeeU C\u01a0 THEO TI\u00caU CHU\u1ea8N EU&amp;USDA, c\u00f3 \u0111\u1ed9 m\u1ec1m, m\u01b0\u1ee3t \u0102n ngon h\u01a1n b\u00fan t\u01b0\u01a1i, nh\u01b0ng kh\u00f4ng c\u00f3 m\u00f9i chua c\u1ee7a b\u00fan t\u01b0\u01a1i, kh\u00f4ng c\u00f3 ch\u1ea5t b\u1ea3o qu\u1ea3n.<\/p>\n<p><strong>S\u1eec D\u1ee4NG:<\/strong> Lu\u1ed9c v\u1edbi n\u01b0\u1edbc s\u00f4i, sau \u0111\u00f3 x\u1ea3 l\u1ea1i b\u1eb1ng n\u01b0\u1edbc l\u1ea1nh r\u1ed3i ch\u1ebf bi\u1ebfn c\u00e1c m\u00f3n nh\u01b0 b\u00fan t\u01b0\u01a1i. \u0110\u1eb7c bi\u1ec7t tr\u1ed9n v\u1edbi c\u00e1c lo\u1ea1i s\u1ed1t \u0103n kh\u00f4 r\u1ea5t ngon.<\/p>\n<p>&nbsp;<\/p>\n<p>&nbsp;<\/p>\n","protected":false},"excerpt":{"rendered":"<p><strong>CH\u1ea4T L\u01af\u1ee2NG:<\/strong><\/p>\n<ul>\n<li>100% Organic theo ti\u00eau chu\u1ea9n EU &amp; USDA<\/li>\n<li>Kh\u00f4ng ch\u1ea5t ph\u1ee5 gia<\/li>\n<li>Gluten free<\/li>\n<li>Vegan<\/li>\n<li>Non-GMO<\/li>\n<\/ul>\n","protected":false},"featured_media":1855,"comment_status":"open","ping_status":"closed","template":"","meta":[],"product_brand":[],"product_cat":[16],"product_tag":[],"class_list":{"0":"post-1520","1":"product","2":"type-product","3":"status-publish","4":"has-post-thumbnail","6":"product_cat-chua-phan-loai","8":"first","9":"instock","10":"shipping-taxable","11":"purchasable","12":"product-type-simple"},"_links":{"self":[{"href":"https:\/\/hasabiofoodscomvn985.mbws.vn\/en\/wp-json\/wp\/v2\/product\/1520","targetHints":{"allow":["GET"]}}],"collection":[{"href":"https:\/\/hasabiofoodscomvn985.mbws.vn\/en\/wp-json\/wp\/v2\/product"}],"about":[{"href":"https:\/\/hasabiofoodscomvn985.mbws.vn\/en\/wp-json\/wp\/v2\/types\/product"}],"replies":[{"embeddable":true,"href":"https:\/\/hasabiofoodscomvn985.mbws.vn\/en\/wp-json\/wp\/v2\/comments?post=1520"}],"wp:featuredmedia":[{"embeddable":true,"href":"https:\/\/hasabiofoodscomvn985.mbws.vn\/en\/wp-json\/wp\/v2\/media\/1855"}],"wp:attachment":[{"href":"https:\/\/hasabiofoodscomvn985.mbws.vn\/en\/wp-json\/wp\/v2\/media?parent=1520"}],"wp:term":[{"taxonomy":"product_brand","embeddable":true,"href":"https:\/\/hasabiofoodscomvn985.mbws.vn\/en\/wp-json\/wp\/v2\/product_brand?post=1520"},{"taxonomy":"product_cat","embeddable":true,"href":"https:\/\/hasabiofoodscomvn985.mbws.vn\/en\/wp-json\/wp\/v2\/product_cat?post=1520"},{"taxonomy":"product_tag","embeddable":true,"href":"https:\/\/hasabiofoodscomvn985.mbws.vn\/en\/wp-json\/wp\/v2\/product_tag?post=1520"}],"curies":[{"name":"wp","href":"https:\/\/api.w.org\/{rel}","templated":true}]}}