{"id":1536,"date":"2025-09-24T15:16:27","date_gmt":"2025-09-24T08:16:27","guid":{"rendered":"https:\/\/hasabiofoods.com.vn\/?post_type=product&#038;p=1536"},"modified":"2025-11-27T08:27:15","modified_gmt":"2025-11-27T01:27:15","slug":"pho-an-lien-gao-trang","status":"publish","type":"product","link":"https:\/\/hasabiofoodscomvn985.mbws.vn\/en\/san-pham\/pho-an-lien-gao-trang\/","title":{"rendered":"Ph\u1edf \u0102n Li\u1ec1n G\u1ea1o Tr\u1eafng T\u00fai 400 g"},"content":{"rendered":"<p><strong>\u0110\u1eb6C T\u00cdNH S\u1ea2N PH\u1ea8M:<\/strong> S\u1ee3I ph\u1edf \u0111\u01b0\u1ee3c l\u00e0m t\u1eeb g\u1ea1o ch\u1ea5t l\u01b0\u1ee3ng cao, c\u00f3 \u0111\u1ed9 m\u1ec1m, m\u01b0\u1ee3t \u0102N NGON NH\u01af S\u1ee2I PH\u1ede T\u01af\u01a0I, nh\u01b0ng kh\u00f4ng c\u00f3 m\u00f9i chua c\u1ee7a s\u1ee3i ph\u1edf t\u01b0\u01a1i.<\/p>\n<p><strong>S\u1eec D\u1ee4NG:<\/strong> T\u1eebng v\u1eaft nh\u1ecf 60 g\/v\u1eaft t\u01b0\u01a1ng \u1ee9ng v\u1edbi 1 kh\u1ea9u ph\u1ea7n \u0103n c\u1ee7a 1 ng\u01b0\u1eddi, r\u1ea5t ti\u1ec7n d\u1ee5ng khi trong khi ch\u1ebf bi\u1ebfn. C\u00f3 th\u1ebf lu\u1ed9c xong x\u1ea3 b\u1eb1ng n\u01b0\u1edbc, sau \u0111\u00f3 \u0103n nh\u01b0 ph\u1edf t\u01b0\u01a1i, tr\u1ed9n v\u1edbi s\u1ed1t kh\u00f4, ho\u1eb7c \u0103n c\u00e1c m\u00f3n n\u01b0\u1edbc ho\u1eb7c \u0103n l\u1ea9u r\u1ea5t \u0111a d\u1ea1ng.<\/p>\n","protected":false},"excerpt":{"rendered":"<p><strong>CH\u1ea4T L\u01af\u1ee2NG:<\/strong><\/p>\n<ul>\n<li>100% t\u1ef1 nhi\u00ean kh\u00f4ng ch\u1ea5t ph\u1ee5 gia<\/li>\n<li>Gluten free<\/li>\n<li>Vegan<\/li>\n<li>Non-GMO<\/li>\n<\/ul>\n<p>&nbsp;<\/p>\n","protected":false},"featured_media":1908,"comment_status":"open","ping_status":"closed","template":"","meta":[],"product_brand":[],"product_cat":[16],"product_tag":[],"class_list":{"0":"post-1536","1":"product","2":"type-product","3":"status-publish","4":"has-post-thumbnail","6":"product_cat-chua-phan-loai","8":"first","9":"instock","10":"shipping-taxable","11":"purchasable","12":"product-type-simple"},"_links":{"self":[{"href":"https:\/\/hasabiofoodscomvn985.mbws.vn\/en\/wp-json\/wp\/v2\/product\/1536","targetHints":{"allow":["GET"]}}],"collection":[{"href":"https:\/\/hasabiofoodscomvn985.mbws.vn\/en\/wp-json\/wp\/v2\/product"}],"about":[{"href":"https:\/\/hasabiofoodscomvn985.mbws.vn\/en\/wp-json\/wp\/v2\/types\/product"}],"replies":[{"embeddable":true,"href":"https:\/\/hasabiofoodscomvn985.mbws.vn\/en\/wp-json\/wp\/v2\/comments?post=1536"}],"wp:featuredmedia":[{"embeddable":true,"href":"https:\/\/hasabiofoodscomvn985.mbws.vn\/en\/wp-json\/wp\/v2\/media\/1908"}],"wp:attachment":[{"href":"https:\/\/hasabiofoodscomvn985.mbws.vn\/en\/wp-json\/wp\/v2\/media?parent=1536"}],"wp:term":[{"taxonomy":"product_brand","embeddable":true,"href":"https:\/\/hasabiofoodscomvn985.mbws.vn\/en\/wp-json\/wp\/v2\/product_brand?post=1536"},{"taxonomy":"product_cat","embeddable":true,"href":"https:\/\/hasabiofoodscomvn985.mbws.vn\/en\/wp-json\/wp\/v2\/product_cat?post=1536"},{"taxonomy":"product_tag","embeddable":true,"href":"https:\/\/hasabiofoodscomvn985.mbws.vn\/en\/wp-json\/wp\/v2\/product_tag?post=1536"}],"curies":[{"name":"wp","href":"https:\/\/api.w.org\/{rel}","templated":true}]}}