{"id":1546,"date":"2025-09-24T15:20:19","date_gmt":"2025-09-24T08:20:19","guid":{"rendered":"https:\/\/hasabiofoods.com.vn\/?post_type=product&#038;p=1546"},"modified":"2025-11-27T08:26:08","modified_gmt":"2025-11-27T01:26:08","slug":"nui-rau-cu-chu-c-tui-500-g","status":"publish","type":"product","link":"https:\/\/hasabiofoodscomvn985.mbws.vn\/en\/san-pham\/nui-rau-cu-chu-c-tui-500-g\/","title":{"rendered":"Nui Rau C\u1ee7 Ch\u1eef C T\u00fai 500 g"},"content":{"rendered":"<p><strong>\u0110\u1eb6C T\u00cdNH S\u1ea2N PH\u1ea8M<\/strong>: G\u1ea1o ch\u1ea5t l\u01b0\u1ee3ng cao \u0111\u01b0\u1ee3c ch\u1ecdn l\u1ecdc, qu\u1ea3n l\u00fd v\u1edbi quy tr\u00ecnh nghi\u00eam ng\u1eb7t; Th\u00e0nh c\u00f3 ch\u01b0a t\u1edbi 4% c\u00e1c lo\u1ea1i rau c\u1ee7 t\u1ea1o ra c\u00e1c m\u00e0u s\u1eafc t\u1eeb nh\u1eefng s\u1ea3n ph\u1ea9m t\u1ef1 nhi\u00ean nh\u00ecn r\u1ea5t h\u1ea5p d\u1eabn, v\u1eeba b\u1ed5 sung dinh d\u01b0\u1ee1ng, ch\u1ea5t s\u01a1, vitamin &#8230;<\/p>\n<p><strong>S\u1eec D\u1ee4NG:<\/strong> Ti\u1ec7n l\u1ee3i \u0111\u1ec3 cung c\u1ea5p b\u1eefa \u0103n cho gia \u0111\u00ecnh; Tinh b\u1ed9 g\u1ea1o, khoai m\u00ec \u0111\u00e3 qua ch\u1ebf bi\u1ebfn gi\u00fap gi\u1ea3m ch\u1ec9 s\u1ed1 \u0111\u01b0\u1eddng huy\u1ebft so v\u1edbi c\u01a1m. Do \u0111\u00f3, nui rau c\u1ee7 ph\u00f9 h\u1ee3p cho nh\u1eefng nh\u1eefng ng\u01b0\u1eddi \u0103n chay, \u0103n ki\u00eang, ch\u1ebf \u0111\u1ed9 \u0103n gi\u1ea3m Calori m\u00e0 v\u1eabn \u0111\u1ea3m b\u1ea3o cung c\u1ea5p b\u1ed5 sung ch\u1ea5t s\u01a1 t\u1eeb b\u1ed9t rau c\u1ee7.<\/p>\n<p>&nbsp;<\/p>\n<p>&nbsp;<\/p>\n","protected":false},"excerpt":{"rendered":"<p><strong>CH\u1ea4T L\u01af\u1ee2NG:<\/strong><\/p>\n<ul>\n<li>100% t\u1ef1 nhi\u00ean kh\u00f4ng ch\u1ea5t ph\u1ee5 gia<\/li>\n<li>Gluten free<\/li>\n<li>Vegan<\/li>\n<li>Non-GMO<\/li>\n<\/ul>\n","protected":false},"featured_media":1723,"comment_status":"open","ping_status":"closed","template":"","meta":[],"product_brand":[],"product_cat":[16],"product_tag":[],"class_list":{"0":"post-1546","1":"product","2":"type-product","3":"status-publish","4":"has-post-thumbnail","6":"product_cat-chua-phan-loai","8":"first","9":"instock","10":"shipping-taxable","11":"purchasable","12":"product-type-simple"},"_links":{"self":[{"href":"https:\/\/hasabiofoodscomvn985.mbws.vn\/en\/wp-json\/wp\/v2\/product\/1546","targetHints":{"allow":["GET"]}}],"collection":[{"href":"https:\/\/hasabiofoodscomvn985.mbws.vn\/en\/wp-json\/wp\/v2\/product"}],"about":[{"href":"https:\/\/hasabiofoodscomvn985.mbws.vn\/en\/wp-json\/wp\/v2\/types\/product"}],"replies":[{"embeddable":true,"href":"https:\/\/hasabiofoodscomvn985.mbws.vn\/en\/wp-json\/wp\/v2\/comments?post=1546"}],"wp:featuredmedia":[{"embeddable":true,"href":"https:\/\/hasabiofoodscomvn985.mbws.vn\/en\/wp-json\/wp\/v2\/media\/1723"}],"wp:attachment":[{"href":"https:\/\/hasabiofoodscomvn985.mbws.vn\/en\/wp-json\/wp\/v2\/media?parent=1546"}],"wp:term":[{"taxonomy":"product_brand","embeddable":true,"href":"https:\/\/hasabiofoodscomvn985.mbws.vn\/en\/wp-json\/wp\/v2\/product_brand?post=1546"},{"taxonomy":"product_cat","embeddable":true,"href":"https:\/\/hasabiofoodscomvn985.mbws.vn\/en\/wp-json\/wp\/v2\/product_cat?post=1546"},{"taxonomy":"product_tag","embeddable":true,"href":"https:\/\/hasabiofoodscomvn985.mbws.vn\/en\/wp-json\/wp\/v2\/product_tag?post=1546"}],"curies":[{"name":"wp","href":"https:\/\/api.w.org\/{rel}","templated":true}]}}